{"id":4181,"date":"2022-03-11T19:10:43","date_gmt":"2022-03-11T18:10:43","guid":{"rendered":"https:\/\/www.controle-exportations.fr\/legal-notice\/"},"modified":"2022-05-13T17:31:04","modified_gmt":"2022-05-13T15:31:04","slug":"legal-notice","status":"publish","type":"page","link":"https:\/\/www.controle-exportations.fr\/en\/legal-notice\/","title":{"rendered":"Legal notice"},"content":{"rendered":"<p><strong>Conditions G\u00e9n\u00e9rales d\u2019Utilisation<\/strong><\/p>\n<p>En consultant ce site, l\u2019utilisateur reconna\u00eet explicitement avoir pris connaissance des stipulations ci-dessous et les avoir accept\u00e9es sans r\u00e9serves.<\/p>\n<p>&nbsp;<\/p>\n<p><strong><u>ARTICLE 1 \u2013 MENTIONS L\u00c9GALES<\/u><\/strong><\/p>\n<p><u>\u00c9DITEUR<\/u><\/p>\n<p>ROUQUETTE CONTR\u00d4LE EXPORTATIONS &#8211; Soci\u00e9t\u00e9 par Actions Simplifi\u00e9e<\/p>\n<p>95 Bis Boulevard du Moulin de la Tour &#8211; 92350 Le Plessis Robinson<\/p>\n<p>Capital social\u00a0: 1000 euros<\/p>\n<p>RCS\u00a0: 909 456\u00a0899<\/p>\n<p>FR 08909456899<\/p>\n<p><a href=\"mailto:rouquette@controle-exportations.fr\">rouquette@controle-exportations.fr<\/a><\/p>\n<p><u>DIRECTEUR DE LA PUBLICATION<\/u><\/p>\n<p>Pierre-Antoine ROUQUETTE<\/p>\n<p><u>H\u00c9BERGEUR<\/u><\/p>\n<p>OVH<\/p>\n<p>2 rue Kellermann &#8211; 59100 Roubaix<\/p>\n<p>T\u00e9l : 1007<\/p>\n<p>&nbsp;<\/p>\n<p><strong><u>ARTICLE 2 \u2013 OBJET <\/u><\/strong><\/p>\n<p>Les pr\u00e9sentes conditions g\u00e9n\u00e9rales d\u2019utilisation (\u00ab\u00a0CGU\u00a0\u00bb) ont pour objet d\u2019encadrer les conditions dans lesquelles l\u2019utilisateur est autoris\u00e9 \u00e0 utiliser le pr\u00e9sent site (\u00ab\u00a0Site\u00a0\u00bb), ainsi que son contenu.<\/p>\n<p>&nbsp;<\/p>\n<p><strong><u>ARTICLE 3 \u2013 DONN\u00c9ES PERSONNELLES<\/u><\/strong><\/p>\n<p>Des donn\u00e9es personnelles peuvent \u00eatre trait\u00e9es au travers de la fonctionnalit\u00e9 du formulaire de contact accessible \u00e0 partir du Site.<\/p>\n<p>La soci\u00e9t\u00e9 ROUQUETTE CONTR\u00d4LE EXPORTATIONS s\u2019engage \u00e0 prendre toutes les pr\u00e9cautions pour les donn\u00e9es personnelles de l\u2019utilisateur soient trait\u00e9es de mani\u00e8re s\u00e9curit\u00e9s.<\/p>\n<p>Pour en savoir plus sur le traitement des donn\u00e9es personnelles de l\u2019utilisateur : <a href=\"https:\/\/www.controle-exportations.fr\/en\/notice-dinformation-sur-le-traitement-de-vos-donnees-personnelles\/\" target=\"_blank\" rel=\"noopener\">Cliquez ici<\/a><\/p>\n<p>&nbsp;<\/p>\n<p><strong><u>ARTICLE 4 \u2013 PROPRI\u00c9T\u00c9 INTELLECTUELLE<\/u><\/strong><\/p>\n<p>L\u2019int\u00e9gralit\u00e9 du contenu et de la structure du Site y compris la charte graphique, documents, images, photographies, films, animations, slogan, marques &amp; logo, noms de domaine et ces conditions g\u00e9n\u00e9rales d\u2019utilisation ainsi que l\u2019ensemble du savoir-faire et autres \u00e9l\u00e9ments le constituants ont la propri\u00e9t\u00e9 exclusive de la soci\u00e9t\u00e9 ROUQUETTE CONTR\u00d4LE EXPORTATIONS ou la propri\u00e9t\u00e9 des tiers qui ont conc\u00e9d\u00e9 \u00e0 la soci\u00e9t\u00e9 ROUQUETTE CONTR\u00d4LE EXPORTATIONS des droits de propri\u00e9t\u00e9 intellectuelle lui permettant de les utiliser. Conform\u00e9ment aux dispositions de l\u2019article L122-4 du code la propri\u00e9t\u00e9 intellectuelle, \u00ab <em>toute repr\u00e9sentation ou reproduction totale ou partielle sans le consentement pr\u00e9alable de la soci\u00e9t\u00e9 ROUQUETTE CONTR\u00d4LE EXPORTATIONS est illicite. Il en est de m\u00eame pour la traduction, l&#8217;adaptation, la transformation, l&#8217;arrangement par un art ou un proc\u00e9d\u00e9 quelconque \u00bb<\/em>. Le non-respect de l\u2019une des stipulations pr\u00e9cit\u00e9es serait constitutif d\u2019une contrefa\u00e7on conform\u00e9ment aux dispositions de l\u2019article L335-2 du code de la propri\u00e9t\u00e9 intellectuelle et engagera votre responsabilit\u00e9 civile et p\u00e9nale.<\/p>\n<p>D\u00e8s lors, l\u2019utilisateur s\u2019engage \u00e0 ne pas copier, transmettre, exploiter, modifier, publier et distribuer le contenu de ce Site.<\/p>\n<p>Des tribunes sont mises \u00e0 la disposition de l\u2019utilisateur sur le site. En consultant le site et plus particuli\u00e8rement le contenu des tribunes, l\u2019utilisateur s\u2019engage explicitement \u00e0 exploiter ce contenu uniquement pour un usage priv\u00e9 et limit\u00e9 le cas \u00e9ch\u00e9ant \u00e0 son entreprise ou son organisation d\u2019appartenance.<\/p>\n<p>&nbsp;<\/p>\n<p><strong><u>ARTICLE 5 \u2013 RESPONSABILIT\u00c9<\/u><\/strong><\/p>\n<p>La soci\u00e9t\u00e9 ROUQUETTE CONTR\u00d4LE EXPORTATIONS d\u00e9cline toute responsabilit\u00e9 quant au contenu du Site, \u00e0 la qualit\u00e9 du Site(erreur, inexactitude ou omission), au fonctionnement ou difficult\u00e9, impossibilit\u00e9 d\u2019acc\u00e8s du site (bogue informatique, interruption du site, intrusion frauduleuse d\u2019un tiers visant notamment \u00e0 perturber ou compromettre totalement ou partiellement le fonctionnement ou le contenu du site) et aux \u00e9ventuels dommages que pourraient subir les donn\u00e9es et les moyens informatiques du syst\u00e8me d\u2019information de l\u2019utilisateur, son entreprise ou son organisation d\u2019appartenance.<\/p>\n<p>La soci\u00e9t\u00e9 ROUQUETTE CONTR\u00d4LE EXPORTATIONS reste libre d\u2019exploiter le Site notamment pour le maintenir, pour modifier son contenu, pour suspendre son acc\u00e8s ou encore pour le cl\u00f4turer \u00e0 tout moment.<\/p>\n<p>La responsabilit\u00e9 de la soci\u00e9t\u00e9 ROUQUETTE CONTR\u00d4LE EXPORTATIONS ne pourra pas \u00eatre recherch\u00e9e quant \u00e0 l\u2019utilisation ou l\u2019interpr\u00e9tation que ferait l\u2019utilisateur, son entreprise ou son organisation d\u2019appartenance du contenu du Site.<\/p>\n<p>Le Site int\u00e8gre des liens vers des sites tiers \u00e0 la soci\u00e9t\u00e9 ROUQUETTE CONTR\u00d4LE EXPORTATIONS sur lesquels la soci\u00e9t\u00e9 ROUQUETTE CONTR\u00d4LE EXPORTATIONS n\u2019a aucun contr\u00f4le. Ces liens sont mis \u00e0 disposition de l\u2019utilisateur \u00e0 des fins d\u2019information uniquement. La soci\u00e9t\u00e9 ROUQUETTE CONTR\u00d4LE EXPORTATIONS d\u00e9cline toute responsabilit\u00e9 notamment quant \u00e0 l\u2019accessibilit\u00e9, au contenu, \u00e0 l\u2019utilisation de cookies, au fonctionnement ou encore \u00e0 l\u2019usage que ferait l\u2019utilisateur, son entreprise ou son organisation d\u2019appartenance du contenu de ces sites tiers.<\/p>\n<p>L\u2019utilisateur est seul responsable du contenu qu\u2019il int\u00e8grera dans le formulaire de contact. L\u2019utilisateur est inform\u00e9 que le contenu qu\u2019il int\u00e8grera dans le formulaire de contact est susceptible d\u2019\u00eatre intercept\u00e9 par des tiers et qu\u2019en cons\u00e9quence sa confidentialit\u00e9 ne pourra pas \u00eatre garantie. Il veillera \u00e0 ne pas int\u00e9grer d\u2019informations sensibles ou critiques. L\u2019insertion de toute information prot\u00e9g\u00e9e, classifi\u00e9e ou contr\u00f4l\u00e9e est strictement interdite.<\/p>\n<p>Enfin, dans le cas o\u00f9 l\u2019utilisateur souhaite placer le lien du Site sur son propre site internet, que ce soit \u00e0 des fins commerciales ou non commerciales, le consentement pr\u00e9alable de la soci\u00e9t\u00e9 ROUQUETTE CONTR\u00d4LE EXPORTATIONS est requis. Le d\u00e9faut de consentement de la soci\u00e9t\u00e9 ROUQUETTE CONTR\u00d4LE EXPORTATIONS ne vaut pas acceptation tacite.<\/p>\n<p>&nbsp;<\/p>\n<p><strong><u>ARTICLE 6 \u2013 DUREE <\/u><\/strong><\/p>\n<p>Les CGU prennent effet \u00e0 la date de leur mise en ligne et seront opposables \u00e0 la date de premi\u00e8re utilisation du Site.<\/p>\n<p>&nbsp;<\/p>\n<p><strong><u>ARTICLE 7 \u2013 DROIT APPLICABLE &amp; ATTRIBUTION DE JURIDICTION<\/u><\/strong><\/p>\n<p>Ces conditions g\u00e9n\u00e9rales d\u2019utilisation sont r\u00e9gies par le droit fran\u00e7ais.<\/p>\n<p>Les litiges, controverses ou r\u00e9clamations s\u2019\u00e9levant \u00e0 l\u2019occasion ou en relation avec ces conditions g\u00e9n\u00e9rales d\u2019utilisation seront soumis \u00e0 la m\u00e9diation conform\u00e9ment au r\u00e8glement de m\u00e9diation du Centre de M\u00e9diation et d\u2019Arbitrage de Paris (CMAP) auquel l\u2019utilisateur adh\u00e8re pour l\u2019avoir consult\u00e9 (<a href=\"https:\/\/www.cmap.fr\/\">https:\/\/www.cmap.fr\/<\/a>). La m\u00e9diation ne devra pas exc\u00e9der une dur\u00e9e de deux (2) mois \u00e0 compter de la nomination du m\u00e9diateur. En cas d\u2019\u00e9chec de la m\u00e9diation, les litiges, controverses ou r\u00e9clamations seront port\u00e9s exclusivement devant le Tribunal de Commerce de Paris.<\/p>\n<p>&nbsp;<\/p>\n<p><strong><u>ARTICLE 8 \u2013 NULLITES <\/u><\/strong><\/p>\n<p>Si une ou plusieurs stipulations des pr\u00e9sentes CGU sont invalides ou d\u00e9clar\u00e9es comme tel en application d\u2019une loi, d\u2019un r\u00e8glement ou d\u2019une d\u00e9cision d\u00e9finitive d\u2019une juridiction comp\u00e9tente, les autres stipulations des CGU garderont leur port\u00e9e.<\/p>\n<p>&nbsp;<\/p>\n<p>&nbsp;<\/p>\n<p>&nbsp;<\/p>\n","protected":false},"excerpt":{"rendered":"<p>Conditions G\u00e9n\u00e9rales d\u2019Utilisation En consultant ce site, l\u2019utilisateur reconna\u00eet explicitement avoir pris connaissance des stipulations ci-dessous et les avoir accept\u00e9es sans r\u00e9serves. &nbsp; ARTICLE 1 \u2013 MENTIONS L\u00c9GALES \u00c9DITEUR ROUQUETTE CONTR\u00d4LE EXPORTATIONS &#8211; Soci\u00e9t\u00e9 par Actions Simplifi\u00e9e 95 Bis Boulevard du Moulin de la Tour &#8211; 92350 Le Plessis Robinson Capital social\u00a0: 1000 euros RCS\u00a0:&hellip;<\/p>\n","protected":false},"author":1,"featured_media":0,"parent":0,"menu_order":0,"comment_status":"closed","ping_status":"open","template":"","meta":{"footnotes":""},"class_list":["post-4181","page","type-page","status-publish","hentry","description-off"],"yoast_head":"<!-- This site is optimized with the Yoast SEO plugin v27.5 - https:\/\/yoast.com\/product\/yoast-seo-wordpress\/ -->\n<title>Legal notice - Rouquette Contr\u00f4le Exportations<\/title>\n<meta name=\"robots\" content=\"index, follow, max-snippet:-1, max-image-preview:large, max-video-preview:-1\" \/>\n<link rel=\"canonical\" href=\"https:\/\/www.controle-exportations.fr\/en\/legal-notice\/\" \/>\n<meta property=\"og:locale\" content=\"en_US\" \/>\n<meta property=\"og:type\" content=\"article\" \/>\n<meta property=\"og:title\" content=\"Legal notice - Rouquette Contr\u00f4le Exportations\" \/>\n<meta property=\"og:description\" content=\"Conditions G\u00e9n\u00e9rales d\u2019Utilisation En consultant ce site, l\u2019utilisateur reconna\u00eet explicitement avoir pris connaissance des stipulations ci-dessous et les avoir accept\u00e9es sans r\u00e9serves. &nbsp; ARTICLE 1 \u2013 MENTIONS L\u00c9GALES \u00c9DITEUR ROUQUETTE CONTR\u00d4LE EXPORTATIONS &#8211; Soci\u00e9t\u00e9 par Actions Simplifi\u00e9e 95 Bis Boulevard du Moulin de la Tour &#8211; 92350 Le Plessis Robinson Capital social\u00a0: 1000 euros RCS\u00a0:&hellip;\" \/>\n<meta property=\"og:url\" content=\"https:\/\/www.controle-exportations.fr\/en\/legal-notice\/\" \/>\n<meta property=\"og:site_name\" content=\"Rouquette Contr\u00f4le Exportations\" \/>\n<meta property=\"article:modified_time\" content=\"2022-05-13T15:31:04+00:00\" \/>\n<meta name=\"twitter:card\" content=\"summary_large_image\" \/>\n<meta name=\"twitter:label1\" content=\"Est. reading time\" \/>\n\t<meta name=\"twitter:data1\" content=\"5 minutes\" \/>\n<script type=\"application\/ld+json\" class=\"yoast-schema-graph\">{\"@context\":\"https:\\\/\\\/schema.org\",\"@graph\":[{\"@type\":\"WebPage\",\"@id\":\"https:\\\/\\\/www.controle-exportations.fr\\\/en\\\/legal-notice\\\/\",\"url\":\"https:\\\/\\\/www.controle-exportations.fr\\\/en\\\/legal-notice\\\/\",\"name\":\"Legal notice - Rouquette Contr\u00f4le Exportations\",\"isPartOf\":{\"@id\":\"https:\\\/\\\/www.controle-exportations.fr\\\/#website\"},\"datePublished\":\"2022-03-11T18:10:43+00:00\",\"dateModified\":\"2022-05-13T15:31:04+00:00\",\"breadcrumb\":{\"@id\":\"https:\\\/\\\/www.controle-exportations.fr\\\/en\\\/legal-notice\\\/#breadcrumb\"},\"inLanguage\":\"en-US\",\"potentialAction\":[{\"@type\":\"ReadAction\",\"target\":[\"https:\\\/\\\/www.controle-exportations.fr\\\/en\\\/legal-notice\\\/\"]}]},{\"@type\":\"BreadcrumbList\",\"@id\":\"https:\\\/\\\/www.controle-exportations.fr\\\/en\\\/legal-notice\\\/#breadcrumb\",\"itemListElement\":[{\"@type\":\"ListItem\",\"position\":1,\"name\":\"Accueil\",\"item\":\"https:\\\/\\\/www.controle-exportations.fr\\\/en\\\/\"},{\"@type\":\"ListItem\",\"position\":2,\"name\":\"Legal notice\"}]},{\"@type\":\"WebSite\",\"@id\":\"https:\\\/\\\/www.controle-exportations.fr\\\/#website\",\"url\":\"https:\\\/\\\/www.controle-exportations.fr\\\/\",\"name\":\"Rouquette Contr\u00f4le Exportations\",\"description\":\"L&#039;export control de pr\u00e8s pour aller loin...\",\"publisher\":{\"@id\":\"https:\\\/\\\/www.controle-exportations.fr\\\/#organization\"},\"potentialAction\":[{\"@type\":\"SearchAction\",\"target\":{\"@type\":\"EntryPoint\",\"urlTemplate\":\"https:\\\/\\\/www.controle-exportations.fr\\\/?s={search_term_string}\"},\"query-input\":{\"@type\":\"PropertyValueSpecification\",\"valueRequired\":true,\"valueName\":\"search_term_string\"}}],\"inLanguage\":\"en-US\"},{\"@type\":\"Organization\",\"@id\":\"https:\\\/\\\/www.controle-exportations.fr\\\/#organization\",\"name\":\"Rouquette Contr\u00f4le Exportations\",\"url\":\"https:\\\/\\\/www.controle-exportations.fr\\\/\",\"logo\":{\"@type\":\"ImageObject\",\"inLanguage\":\"en-US\",\"@id\":\"https:\\\/\\\/www.controle-exportations.fr\\\/#\\\/schema\\\/logo\\\/image\\\/\",\"url\":\"https:\\\/\\\/www.controle-exportations.fr\\\/wp-content\\\/uploads\\\/Logo-Rouquette-Noir-2.png\",\"contentUrl\":\"https:\\\/\\\/www.controle-exportations.fr\\\/wp-content\\\/uploads\\\/Logo-Rouquette-Noir-2.png\",\"width\":960,\"height\":464,\"caption\":\"Rouquette Contr\u00f4le Exportations\"},\"image\":{\"@id\":\"https:\\\/\\\/www.controle-exportations.fr\\\/#\\\/schema\\\/logo\\\/image\\\/\"}}]}<\/script>\n<!-- \/ Yoast SEO plugin. -->","yoast_head_json":{"title":"Legal notice - Rouquette Contr\u00f4le Exportations","robots":{"index":"index","follow":"follow","max-snippet":"max-snippet:-1","max-image-preview":"max-image-preview:large","max-video-preview":"max-video-preview:-1"},"canonical":"https:\/\/www.controle-exportations.fr\/en\/legal-notice\/","og_locale":"en_US","og_type":"article","og_title":"Legal notice - Rouquette Contr\u00f4le Exportations","og_description":"Conditions G\u00e9n\u00e9rales d\u2019Utilisation En consultant ce site, l\u2019utilisateur reconna\u00eet explicitement avoir pris connaissance des stipulations ci-dessous et les avoir accept\u00e9es sans r\u00e9serves. &nbsp; ARTICLE 1 \u2013 MENTIONS L\u00c9GALES \u00c9DITEUR ROUQUETTE CONTR\u00d4LE EXPORTATIONS &#8211; Soci\u00e9t\u00e9 par Actions Simplifi\u00e9e 95 Bis Boulevard du Moulin de la Tour &#8211; 92350 Le Plessis Robinson Capital social\u00a0: 1000 euros RCS\u00a0:&hellip;","og_url":"https:\/\/www.controle-exportations.fr\/en\/legal-notice\/","og_site_name":"Rouquette Contr\u00f4le Exportations","article_modified_time":"2022-05-13T15:31:04+00:00","twitter_card":"summary_large_image","twitter_misc":{"Est. reading time":"5 minutes"},"schema":{"@context":"https:\/\/schema.org","@graph":[{"@type":"WebPage","@id":"https:\/\/www.controle-exportations.fr\/en\/legal-notice\/","url":"https:\/\/www.controle-exportations.fr\/en\/legal-notice\/","name":"Legal notice - Rouquette Contr\u00f4le Exportations","isPartOf":{"@id":"https:\/\/www.controle-exportations.fr\/#website"},"datePublished":"2022-03-11T18:10:43+00:00","dateModified":"2022-05-13T15:31:04+00:00","breadcrumb":{"@id":"https:\/\/www.controle-exportations.fr\/en\/legal-notice\/#breadcrumb"},"inLanguage":"en-US","potentialAction":[{"@type":"ReadAction","target":["https:\/\/www.controle-exportations.fr\/en\/legal-notice\/"]}]},{"@type":"BreadcrumbList","@id":"https:\/\/www.controle-exportations.fr\/en\/legal-notice\/#breadcrumb","itemListElement":[{"@type":"ListItem","position":1,"name":"Accueil","item":"https:\/\/www.controle-exportations.fr\/en\/"},{"@type":"ListItem","position":2,"name":"Legal notice"}]},{"@type":"WebSite","@id":"https:\/\/www.controle-exportations.fr\/#website","url":"https:\/\/www.controle-exportations.fr\/","name":"Rouquette Contr\u00f4le Exportations","description":"L&#039;export control de pr\u00e8s pour aller loin...","publisher":{"@id":"https:\/\/www.controle-exportations.fr\/#organization"},"potentialAction":[{"@type":"SearchAction","target":{"@type":"EntryPoint","urlTemplate":"https:\/\/www.controle-exportations.fr\/?s={search_term_string}"},"query-input":{"@type":"PropertyValueSpecification","valueRequired":true,"valueName":"search_term_string"}}],"inLanguage":"en-US"},{"@type":"Organization","@id":"https:\/\/www.controle-exportations.fr\/#organization","name":"Rouquette Contr\u00f4le Exportations","url":"https:\/\/www.controle-exportations.fr\/","logo":{"@type":"ImageObject","inLanguage":"en-US","@id":"https:\/\/www.controle-exportations.fr\/#\/schema\/logo\/image\/","url":"https:\/\/www.controle-exportations.fr\/wp-content\/uploads\/Logo-Rouquette-Noir-2.png","contentUrl":"https:\/\/www.controle-exportations.fr\/wp-content\/uploads\/Logo-Rouquette-Noir-2.png","width":960,"height":464,"caption":"Rouquette Contr\u00f4le Exportations"},"image":{"@id":"https:\/\/www.controle-exportations.fr\/#\/schema\/logo\/image\/"}}]}},"_links":{"self":[{"href":"https:\/\/www.controle-exportations.fr\/en\/wp-json\/wp\/v2\/pages\/4181","targetHints":{"allow":["GET"]}}],"collection":[{"href":"https:\/\/www.controle-exportations.fr\/en\/wp-json\/wp\/v2\/pages"}],"about":[{"href":"https:\/\/www.controle-exportations.fr\/en\/wp-json\/wp\/v2\/types\/page"}],"author":[{"embeddable":true,"href":"https:\/\/www.controle-exportations.fr\/en\/wp-json\/wp\/v2\/users\/1"}],"replies":[{"embeddable":true,"href":"https:\/\/www.controle-exportations.fr\/en\/wp-json\/wp\/v2\/comments?post=4181"}],"version-history":[{"count":2,"href":"https:\/\/www.controle-exportations.fr\/en\/wp-json\/wp\/v2\/pages\/4181\/revisions"}],"predecessor-version":[{"id":4293,"href":"https:\/\/www.controle-exportations.fr\/en\/wp-json\/wp\/v2\/pages\/4181\/revisions\/4293"}],"wp:attachment":[{"href":"https:\/\/www.controle-exportations.fr\/en\/wp-json\/wp\/v2\/media?parent=4181"}],"curies":[{"name":"wp","href":"https:\/\/api.w.org\/{rel}","templated":true}]}}