{"id":4152,"date":"2022-03-11T18:34:09","date_gmt":"2022-03-11T17:34:09","guid":{"rendered":"https:\/\/www.controle-exportations.fr\/contact\/"},"modified":"2022-05-11T18:08:46","modified_gmt":"2022-05-11T16:08:46","slug":"contact-2","status":"publish","type":"page","link":"https:\/\/www.controle-exportations.fr\/en\/contact-2\/","title":{"rendered":"Contact"},"content":{"rendered":"<p>[vc_row full_width=&#8221;stretch_row&#8221; equal_height=&#8221;yes&#8221; css=&#8221;.vc_custom_1575377882611{padding-top: 70px !important;padding-bottom: 70px !important;background-color: rgba(0,0,0,0.04) !important;*background-color: rgb(0,0,0) !important;}&#8221;][vc_column][vc_row_inner equal_height=&#8221;yes&#8221; gap=&#8221;30&#8243; css=&#8221;.vc_custom_1575373349723{padding-right: 25px !important;padding-left: 25px !important;}&#8221;][vc_column_inner css=&#8221;.vc_custom_1575376164580{padding-top: 60px !important;padding-right: 10% !important;padding-bottom: 60px !important;padding-left: 10% !important;background-color: #ffffff !important;}&#8221;][vc_icon icon_fontawesome=&#8221;far fa-envelope&#8221; color=&#8221;custom&#8221; size=&#8221;xl&#8221; align=&#8221;center&#8221; css_animation=&#8221;fadeInDown&#8221; custom_color=&#8221;#1b00e5&#8243; css=&#8221;.vc_custom_1646392899496{padding-bottom: 50px !important;}&#8221;][vc_column_text]<div class=\"wpforms-container wpforms-container-full contact-form\" id=\"wpforms-4118\"><form id=\"wpforms-form-4118\" class=\"wpforms-validate wpforms-form wpforms-ajax-form\" data-formid=\"4118\" method=\"post\" enctype=\"multipart\/form-data\" action=\"\/en\/wp-json\/wp\/v2\/pages\/4152\" data-token=\"df2e02e8ee5923588bf82ba5e1f0a3f3\" data-token-time=\"1776357886\"><noscript class=\"wpforms-error-noscript\">Please enable JavaScript in your browser to complete this form.<\/noscript><div class=\"wpforms-field-container\"><div id=\"wpforms-4118-field_0-container\" class=\"wpforms-field wpforms-field-name\" data-field-id=\"0\"><label class=\"wpforms-field-label\">Nom <span class=\"wpforms-required-label\">*<\/span><\/label><div class=\"wpforms-field-row wpforms-field-large\"><div class=\"wpforms-field-row-block wpforms-first wpforms-one-half\"><input type=\"text\" id=\"wpforms-4118-field_0\" class=\"wpforms-field-name-first wpforms-field-required\" name=\"wpforms[fields][0][first]\" required><label for=\"wpforms-4118-field_0\" class=\"wpforms-field-sublabel after\">First<\/label><\/div><div class=\"wpforms-field-row-block wpforms-one-half\"><input type=\"text\" id=\"wpforms-4118-field_0-last\" class=\"wpforms-field-name-last wpforms-field-required\" name=\"wpforms[fields][0][last]\" required><label for=\"wpforms-4118-field_0-last\" class=\"wpforms-field-sublabel after\">Last<\/label><\/div><\/div><\/div><div id=\"wpforms-4118-field_1-container\" class=\"wpforms-field wpforms-field-email\" data-field-id=\"1\"><label class=\"wpforms-field-label\" for=\"wpforms-4118-field_1\">Email <span class=\"wpforms-required-label\">*<\/span><\/label><input type=\"email\" id=\"wpforms-4118-field_1\" class=\"wpforms-field-large wpforms-field-required\" name=\"wpforms[fields][1]\" spellcheck=\"false\" required><\/div><div id=\"wpforms-4118-field_4-container\" class=\"wpforms-field wpforms-field-text\" data-field-id=\"4\"><label class=\"wpforms-field-label\" for=\"wpforms-4118-field_4\">Entreprise<\/label><input type=\"text\" id=\"wpforms-4118-field_4\" class=\"wpforms-field-large\" name=\"wpforms[fields][4]\" ><\/div><div id=\"wpforms-4118-field_2-container\" class=\"wpforms-field wpforms-field-textarea\" data-field-id=\"2\"><label class=\"wpforms-field-label\" for=\"wpforms-4118-field_2\">Message <span class=\"wpforms-required-label\">*<\/span><\/label><textarea id=\"wpforms-4118-field_2\" class=\"wpforms-field-large wpforms-field-required\" name=\"wpforms[fields][2]\" required><\/textarea><\/div><div id=\"wpforms-4118-field_3-container\" class=\"wpforms-field wpforms-field-gdpr-checkbox\" data-field-id=\"3\"><label class=\"wpforms-field-label\">Accord RGPD <span class=\"wpforms-required-label\">*<\/span><\/label><ul id=\"wpforms-4118-field_3\" class=\"wpforms-field-required\"><li class=\"choice-1\"><input type=\"checkbox\" id=\"wpforms-4118-field_3_1\" name=\"wpforms[fields][3][]\" value=\"Je consens \u00e0 ce que ce site stocke mes informations envoy\u00e9es afin de pouvoir r\u00e9pondre \u00e0 ma requ\u00eate. &lt;a href=&quot;\/notice-dinformation-sur-le-traitement-de-vos-donnees-personnelles\/&quot; target=&quot;_blank&quot;&gt;En savoir plus&lt;\/a&gt;.\" required ><label class=\"wpforms-field-label-inline\" for=\"wpforms-4118-field_3_1\">Je consens \u00e0 ce que ce site stocke mes informations envoy\u00e9es afin de pouvoir r\u00e9pondre \u00e0 ma requ\u00eate. <a href=\"\/notice-dinformation-sur-le-traitement-de-vos-donnees-personnelles\/\" target=\"_blank\">En savoir plus<\/a>.<\/label><\/li><\/ul><\/div><\/div><!-- .wpforms-field-container --><div class=\"wpforms-recaptcha-container wpforms-is-recaptcha wpforms-is-recaptcha-type-v2\" ><div class=\"g-recaptcha\" data-sitekey=\"6LcKSt0eAAAAAEOW9vtXuL2GfYMYFMRNGeMGraNI\"><\/div><input type=\"text\" name=\"g-recaptcha-hidden\" class=\"wpforms-recaptcha-hidden\" style=\"position:absolute!important;clip:rect(0,0,0,0)!important;height:1px!important;width:1px!important;border:0!important;overflow:hidden!important;padding:0!important;margin:0!important;\" data-rule-recaptcha=\"1\"><\/div><div class=\"wpforms-submit-container\" ><input type=\"hidden\" name=\"wpforms[id]\" value=\"4118\"><input type=\"hidden\" name=\"page_title\" value=\"\"><input type=\"hidden\" name=\"page_url\" value=\"https:\/\/www.controle-exportations.fr\/en\/wp-json\/wp\/v2\/pages\/4152\"><input type=\"hidden\" name=\"url_referer\" value=\"\"><button type=\"submit\" name=\"wpforms[submit]\" id=\"wpforms-submit-4118\" class=\"wpforms-submit contact-form-send\" data-alt-text=\"Envoi en cours...\" data-submit-text=\"Envoyer\" aria-live=\"assertive\" value=\"wpforms-submit\">Envoyer<\/button><img loading=\"lazy\" decoding=\"async\" src=\"https:\/\/www.controle-exportations.fr\/wp-content\/plugins\/wpforms-lite\/assets\/images\/submit-spin.svg\" class=\"wpforms-submit-spinner\" style=\"display: none;\" width=\"26\" height=\"26\" alt=\"Loading\"><\/div><\/form><\/div>  <!-- .wpforms-container -->[\/vc_column_text][\/vc_column_inner][\/vc_row_inner][\/vc_column][\/vc_row]<\/p>\n","protected":false},"excerpt":{"rendered":"<p>[vc_row full_width=&#8221;stretch_row&#8221; equal_height=&#8221;yes&#8221; css=&#8221;.vc_custom_1575377882611{padding-top: 70px !important;padding-bottom: 70px !important;background-color: rgba(0,0,0,0.04) !important;*background-color: rgb(0,0,0) !important;}&#8221;][vc_column][vc_row_inner equal_height=&#8221;yes&#8221; gap=&#8221;30&#8243; css=&#8221;.vc_custom_1575373349723{padding-right: 25px !important;padding-left: 25px !important;}&#8221;][vc_column_inner css=&#8221;.vc_custom_1575376164580{padding-top: 60px !important;padding-right: 10% !important;padding-bottom: 60px !important;padding-left: 10% !important;background-color: #ffffff !important;}&#8221;][vc_icon icon_fontawesome=&#8221;far fa-envelope&#8221; color=&#8221;custom&#8221; size=&#8221;xl&#8221; align=&#8221;center&#8221; css_animation=&#8221;fadeInDown&#8221; custom_color=&#8221;#1b00e5&#8243; css=&#8221;.vc_custom_1646392899496{padding-bottom: 50px !important;}&#8221;][vc_column_text][\/vc_column_text][\/vc_column_inner][\/vc_row_inner][\/vc_column][\/vc_row]<\/p>\n","protected":false},"author":1,"featured_media":0,"parent":0,"menu_order":35,"comment_status":"closed","ping_status":"closed","template":"","meta":{"footnotes":""},"class_list":["post-4152","page","type-page","status-publish","hentry","description-off"],"yoast_head":"<!-- This site is optimized with the Yoast SEO plugin v27.4 - https:\/\/yoast.com\/product\/yoast-seo-wordpress\/ -->\n<title>Contact - Rouquette Contr\u00f4le Exportations<\/title>\n<meta name=\"robots\" content=\"index, follow, max-snippet:-1, max-image-preview:large, max-video-preview:-1\" \/>\n<link rel=\"canonical\" href=\"https:\/\/www.controle-exportations.fr\/en\/contact-2\/\" \/>\n<meta property=\"og:locale\" content=\"en_US\" \/>\n<meta property=\"og:type\" content=\"article\" \/>\n<meta property=\"og:title\" content=\"Contact - Rouquette Contr\u00f4le Exportations\" \/>\n<meta property=\"og:description\" content=\"[vc_row full_width=&#8221;stretch_row&#8221; equal_height=&#8221;yes&#8221; css=&#8221;.vc_custom_1575377882611{padding-top: 70px !important;padding-bottom: 70px !important;background-color: rgba(0,0,0,0.04) !important;*background-color: rgb(0,0,0) !important;}&#8221;][vc_column][vc_row_inner equal_height=&#8221;yes&#8221; gap=&#8221;30&#8243; css=&#8221;.vc_custom_1575373349723{padding-right: 25px !important;padding-left: 25px !important;}&#8221;][vc_column_inner css=&#8221;.vc_custom_1575376164580{padding-top: 60px !important;padding-right: 10% !important;padding-bottom: 60px !important;padding-left: 10% !important;background-color: #ffffff !important;}&#8221;][vc_icon icon_fontawesome=&#8221;far fa-envelope&#8221; color=&#8221;custom&#8221; size=&#8221;xl&#8221; align=&#8221;center&#8221; css_animation=&#8221;fadeInDown&#8221; custom_color=&#8221;#1b00e5&#8243; css=&#8221;.vc_custom_1646392899496{padding-bottom: 50px !important;}&#8221;][vc_column_text][\/vc_column_text][\/vc_column_inner][\/vc_row_inner][\/vc_column][\/vc_row]\" \/>\n<meta property=\"og:url\" content=\"https:\/\/www.controle-exportations.fr\/en\/contact-2\/\" \/>\n<meta property=\"og:site_name\" content=\"Rouquette Contr\u00f4le Exportations\" \/>\n<meta property=\"article:modified_time\" content=\"2022-05-11T16:08:46+00:00\" \/>\n<meta name=\"twitter:card\" content=\"summary_large_image\" \/>\n<meta name=\"twitter:label1\" content=\"Est. reading time\" \/>\n\t<meta name=\"twitter:data1\" content=\"1 minute\" \/>\n<script type=\"application\/ld+json\" class=\"yoast-schema-graph\">{\"@context\":\"https:\\\/\\\/schema.org\",\"@graph\":[{\"@type\":\"WebPage\",\"@id\":\"https:\\\/\\\/www.controle-exportations.fr\\\/en\\\/contact-2\\\/\",\"url\":\"https:\\\/\\\/www.controle-exportations.fr\\\/en\\\/contact-2\\\/\",\"name\":\"Contact - Rouquette Contr\u00f4le Exportations\",\"isPartOf\":{\"@id\":\"https:\\\/\\\/www.controle-exportations.fr\\\/#website\"},\"datePublished\":\"2022-03-11T17:34:09+00:00\",\"dateModified\":\"2022-05-11T16:08:46+00:00\",\"breadcrumb\":{\"@id\":\"https:\\\/\\\/www.controle-exportations.fr\\\/en\\\/contact-2\\\/#breadcrumb\"},\"inLanguage\":\"en-US\",\"potentialAction\":[{\"@type\":\"ReadAction\",\"target\":[\"https:\\\/\\\/www.controle-exportations.fr\\\/en\\\/contact-2\\\/\"]}]},{\"@type\":\"BreadcrumbList\",\"@id\":\"https:\\\/\\\/www.controle-exportations.fr\\\/en\\\/contact-2\\\/#breadcrumb\",\"itemListElement\":[{\"@type\":\"ListItem\",\"position\":1,\"name\":\"Accueil\",\"item\":\"https:\\\/\\\/www.controle-exportations.fr\\\/en\\\/\"},{\"@type\":\"ListItem\",\"position\":2,\"name\":\"Contact\"}]},{\"@type\":\"WebSite\",\"@id\":\"https:\\\/\\\/www.controle-exportations.fr\\\/#website\",\"url\":\"https:\\\/\\\/www.controle-exportations.fr\\\/\",\"name\":\"Rouquette Contr\u00f4le Exportations\",\"description\":\"L&#039;export control de pr\u00e8s pour aller loin...\",\"publisher\":{\"@id\":\"https:\\\/\\\/www.controle-exportations.fr\\\/#organization\"},\"potentialAction\":[{\"@type\":\"SearchAction\",\"target\":{\"@type\":\"EntryPoint\",\"urlTemplate\":\"https:\\\/\\\/www.controle-exportations.fr\\\/?s={search_term_string}\"},\"query-input\":{\"@type\":\"PropertyValueSpecification\",\"valueRequired\":true,\"valueName\":\"search_term_string\"}}],\"inLanguage\":\"en-US\"},{\"@type\":\"Organization\",\"@id\":\"https:\\\/\\\/www.controle-exportations.fr\\\/#organization\",\"name\":\"Rouquette Contr\u00f4le Exportations\",\"url\":\"https:\\\/\\\/www.controle-exportations.fr\\\/\",\"logo\":{\"@type\":\"ImageObject\",\"inLanguage\":\"en-US\",\"@id\":\"https:\\\/\\\/www.controle-exportations.fr\\\/#\\\/schema\\\/logo\\\/image\\\/\",\"url\":\"https:\\\/\\\/www.controle-exportations.fr\\\/wp-content\\\/uploads\\\/Logo-Rouquette-Noir-2.png\",\"contentUrl\":\"https:\\\/\\\/www.controle-exportations.fr\\\/wp-content\\\/uploads\\\/Logo-Rouquette-Noir-2.png\",\"width\":960,\"height\":464,\"caption\":\"Rouquette Contr\u00f4le Exportations\"},\"image\":{\"@id\":\"https:\\\/\\\/www.controle-exportations.fr\\\/#\\\/schema\\\/logo\\\/image\\\/\"}}]}<\/script>\n<!-- \/ Yoast SEO plugin. -->","yoast_head_json":{"title":"Contact - Rouquette Contr\u00f4le Exportations","robots":{"index":"index","follow":"follow","max-snippet":"max-snippet:-1","max-image-preview":"max-image-preview:large","max-video-preview":"max-video-preview:-1"},"canonical":"https:\/\/www.controle-exportations.fr\/en\/contact-2\/","og_locale":"en_US","og_type":"article","og_title":"Contact - Rouquette Contr\u00f4le Exportations","og_description":"[vc_row full_width=&#8221;stretch_row&#8221; equal_height=&#8221;yes&#8221; css=&#8221;.vc_custom_1575377882611{padding-top: 70px !important;padding-bottom: 70px !important;background-color: rgba(0,0,0,0.04) !important;*background-color: rgb(0,0,0) !important;}&#8221;][vc_column][vc_row_inner equal_height=&#8221;yes&#8221; gap=&#8221;30&#8243; css=&#8221;.vc_custom_1575373349723{padding-right: 25px !important;padding-left: 25px !important;}&#8221;][vc_column_inner css=&#8221;.vc_custom_1575376164580{padding-top: 60px !important;padding-right: 10% !important;padding-bottom: 60px !important;padding-left: 10% !important;background-color: #ffffff !important;}&#8221;][vc_icon icon_fontawesome=&#8221;far fa-envelope&#8221; color=&#8221;custom&#8221; size=&#8221;xl&#8221; align=&#8221;center&#8221; css_animation=&#8221;fadeInDown&#8221; custom_color=&#8221;#1b00e5&#8243; css=&#8221;.vc_custom_1646392899496{padding-bottom: 50px !important;}&#8221;][vc_column_text][\/vc_column_text][\/vc_column_inner][\/vc_row_inner][\/vc_column][\/vc_row]","og_url":"https:\/\/www.controle-exportations.fr\/en\/contact-2\/","og_site_name":"Rouquette Contr\u00f4le Exportations","article_modified_time":"2022-05-11T16:08:46+00:00","twitter_card":"summary_large_image","twitter_misc":{"Est. reading time":"1 minute"},"schema":{"@context":"https:\/\/schema.org","@graph":[{"@type":"WebPage","@id":"https:\/\/www.controle-exportations.fr\/en\/contact-2\/","url":"https:\/\/www.controle-exportations.fr\/en\/contact-2\/","name":"Contact - Rouquette Contr\u00f4le Exportations","isPartOf":{"@id":"https:\/\/www.controle-exportations.fr\/#website"},"datePublished":"2022-03-11T17:34:09+00:00","dateModified":"2022-05-11T16:08:46+00:00","breadcrumb":{"@id":"https:\/\/www.controle-exportations.fr\/en\/contact-2\/#breadcrumb"},"inLanguage":"en-US","potentialAction":[{"@type":"ReadAction","target":["https:\/\/www.controle-exportations.fr\/en\/contact-2\/"]}]},{"@type":"BreadcrumbList","@id":"https:\/\/www.controle-exportations.fr\/en\/contact-2\/#breadcrumb","itemListElement":[{"@type":"ListItem","position":1,"name":"Accueil","item":"https:\/\/www.controle-exportations.fr\/en\/"},{"@type":"ListItem","position":2,"name":"Contact"}]},{"@type":"WebSite","@id":"https:\/\/www.controle-exportations.fr\/#website","url":"https:\/\/www.controle-exportations.fr\/","name":"Rouquette Contr\u00f4le Exportations","description":"L&#039;export control de pr\u00e8s pour aller loin...","publisher":{"@id":"https:\/\/www.controle-exportations.fr\/#organization"},"potentialAction":[{"@type":"SearchAction","target":{"@type":"EntryPoint","urlTemplate":"https:\/\/www.controle-exportations.fr\/?s={search_term_string}"},"query-input":{"@type":"PropertyValueSpecification","valueRequired":true,"valueName":"search_term_string"}}],"inLanguage":"en-US"},{"@type":"Organization","@id":"https:\/\/www.controle-exportations.fr\/#organization","name":"Rouquette Contr\u00f4le Exportations","url":"https:\/\/www.controle-exportations.fr\/","logo":{"@type":"ImageObject","inLanguage":"en-US","@id":"https:\/\/www.controle-exportations.fr\/#\/schema\/logo\/image\/","url":"https:\/\/www.controle-exportations.fr\/wp-content\/uploads\/Logo-Rouquette-Noir-2.png","contentUrl":"https:\/\/www.controle-exportations.fr\/wp-content\/uploads\/Logo-Rouquette-Noir-2.png","width":960,"height":464,"caption":"Rouquette Contr\u00f4le Exportations"},"image":{"@id":"https:\/\/www.controle-exportations.fr\/#\/schema\/logo\/image\/"}}]}},"_links":{"self":[{"href":"https:\/\/www.controle-exportations.fr\/en\/wp-json\/wp\/v2\/pages\/4152","targetHints":{"allow":["GET"]}}],"collection":[{"href":"https:\/\/www.controle-exportations.fr\/en\/wp-json\/wp\/v2\/pages"}],"about":[{"href":"https:\/\/www.controle-exportations.fr\/en\/wp-json\/wp\/v2\/types\/page"}],"author":[{"embeddable":true,"href":"https:\/\/www.controle-exportations.fr\/en\/wp-json\/wp\/v2\/users\/1"}],"replies":[{"embeddable":true,"href":"https:\/\/www.controle-exportations.fr\/en\/wp-json\/wp\/v2\/comments?post=4152"}],"version-history":[{"count":2,"href":"https:\/\/www.controle-exportations.fr\/en\/wp-json\/wp\/v2\/pages\/4152\/revisions"}],"predecessor-version":[{"id":4203,"href":"https:\/\/www.controle-exportations.fr\/en\/wp-json\/wp\/v2\/pages\/4152\/revisions\/4203"}],"wp:attachment":[{"href":"https:\/\/www.controle-exportations.fr\/en\/wp-json\/wp\/v2\/media?parent=4152"}],"curies":[{"name":"wp","href":"https:\/\/api.w.org\/{rel}","templated":true}]}}